{"id":73,"date":"2020-11-24T12:22:40","date_gmt":"2020-11-24T11:22:40","guid":{"rendered":"http:\/\/widmann.klubarbeit.net\/?page_id=73"},"modified":"2026-03-03T17:27:16","modified_gmt":"2026-03-03T16:27:16","slug":"kinderschischule","status":"publish","type":"page","link":"https:\/\/www.skischule-fieberbrunn.at\/nl\/kinderschischule\/","title":{"rendered":"Kinderskischool"},"content":{"rendered":"<h2 class=\"wp-block-heading\">Bij ons is school iedere dag leuk!<\/h2>\n\n\n\n<p><strong>Vanaf 4 jaar op de ski\u2019s!<\/strong><\/p>\n\n\n\n<p>Van de beginnersweide naar de oefenhelling en daarna op de echte piste: kinderen leren razendsnel. Mede omdat onze kinderskileraren- en leraressen geduldige specialisten zijn, met veel fanatasie en inlevingsvermogen. Zij hebben net zoveel plezier als de kinderen. Verder staat voor ons de veiligheid van de kinderen altijd op de eerste plaats.<\/p>\n\n\n\n<p>Kinderen die <strong>nog nooit geskied hebben kunnen<\/strong> op zondag en maandag beginnen met lessen.<strong> <\/strong><br><strong>Kinderen die al eerder geskied hebben kunnen<\/strong> iedere dag<strong> <\/strong>met lessen beginnen.<\/p>\n\n\n\n<div style=\"height:40px\" aria-hidden=\"true\" class=\"wp-block-spacer\"><\/div>\n\n\n\n<h2 class=\"wp-block-heading\">Welkom bij de miniclub<\/h2>\n\n\n\n<p><strong>Ab dem 3. Lebensjahr geht es los!<\/strong><\/p>\n\n\n\n<p>Voor de allerkleinste ski\u00ebrs (&lt;4 jaar) is dit een leuke dagbesteding: de kinderen maken spelenderwijs kennis met sneeuw en ski\u2019s. <\/p>\n\n\n\n<p>Falls Sie Ihre kleinen bis 15:00 Uhr in guten H\u00e4nden wissen wollen, k\u00f6nnen diese gerne bis 15:00 Uhr in unserem Miniclub verbleiben. Das l\u00e4\u00dft sich jederzeit und von Tag zu Tag individuell regeln- ganz wie es in Ihren Tagesplan passt! In jedem Fall ist es super-praktisch.<\/p>\n\n\n\n<p>Zo ziet een dag bij de miniclub eruit:<\/p>\n\n\n\n<ul class=\"wp-block-list\">\n<li><strong>\u2019s Ochtends<\/strong> Skiles in Bobo\u2019s Kinderland.<br>Ski\u00ebn van 10 tot 12 uur.<\/li>\n\n\n\n<li><strong>Mittags<\/strong> gemeinsames Essen (falls erw\u00fcnscht) von 12:00 bis 13:00 Uhr.<\/li>\n\n\n\n<li><strong>\u2019s Middags<\/strong> Indoor Betreuung von 13:00 bis 15:00 Uhr.<\/li>\n<\/ul>\n\n\n\n<p>Zoals hierboven vermeld: dagelijks te boeken, ook op korte termijn.<\/p>\n\n\n\n<div style=\"height:40px\" aria-hidden=\"true\" class=\"wp-block-spacer\"><\/div>\n\n\n\n<h2 class=\"wp-block-heading\">Im Zweifel einen Schnuppertag<\/h2>\n\n\n\n<p>Wanneer u niet zeker weet of de lessen geschikt zijn voor uw kind(eren) kunt u een <strong>proefdag<\/strong> boeken om te ontdekken of uw kind(eren) plezier aan de lessen beleven.<br>Indien de les bevalt \u2013 en het zal zeker bevallen! \u2013 kunt u de lessen eenvoudig bijboeken tot de gewenste lengte.<\/p>\n\n\n\n<p><\/p>","protected":false},"excerpt":{"rendered":"<p>Anf\u00e4ngerwiese, \u00dcbungsgel\u00e4nde, Piste: Die Kids lernen blitzschnell.<\/p>","protected":false},"author":1,"featured_media":989,"parent":0,"menu_order":9,"comment_status":"closed","ping_status":"closed","template":"","meta":{"_acf_changed":false,"footnotes":""},"categories":[10],"tags":[],"class_list":["post-73","page","type-page","status-publish","has-post-thumbnail","hentry","category-schischule"],"acf":[],"_links":{"self":[{"href":"https:\/\/www.skischule-fieberbrunn.at\/nl\/wp-json\/wp\/v2\/pages\/73","targetHints":{"allow":["GET"]}}],"collection":[{"href":"https:\/\/www.skischule-fieberbrunn.at\/nl\/wp-json\/wp\/v2\/pages"}],"about":[{"href":"https:\/\/www.skischule-fieberbrunn.at\/nl\/wp-json\/wp\/v2\/types\/page"}],"author":[{"embeddable":true,"href":"https:\/\/www.skischule-fieberbrunn.at\/nl\/wp-json\/wp\/v2\/users\/1"}],"replies":[{"embeddable":true,"href":"https:\/\/www.skischule-fieberbrunn.at\/nl\/wp-json\/wp\/v2\/comments?post=73"}],"version-history":[{"count":40,"href":"https:\/\/www.skischule-fieberbrunn.at\/nl\/wp-json\/wp\/v2\/pages\/73\/revisions"}],"predecessor-version":[{"id":1671,"href":"https:\/\/www.skischule-fieberbrunn.at\/nl\/wp-json\/wp\/v2\/pages\/73\/revisions\/1671"}],"wp:featuredmedia":[{"embeddable":true,"href":"https:\/\/www.skischule-fieberbrunn.at\/nl\/wp-json\/wp\/v2\/media\/989"}],"wp:attachment":[{"href":"https:\/\/www.skischule-fieberbrunn.at\/nl\/wp-json\/wp\/v2\/media?parent=73"}],"wp:term":[{"taxonomy":"category","embeddable":true,"href":"https:\/\/www.skischule-fieberbrunn.at\/nl\/wp-json\/wp\/v2\/categories?post=73"},{"taxonomy":"post_tag","embeddable":true,"href":"https:\/\/www.skischule-fieberbrunn.at\/nl\/wp-json\/wp\/v2\/tags?post=73"}],"curies":[{"name":"wp","href":"https:\/\/api.w.org\/{rel}","templated":true}]}}