{"id":28,"date":"2020-10-14T16:35:00","date_gmt":"2020-10-14T14:35:00","guid":{"rendered":"http:\/\/widmann.klubarbeit.net\/?page_id=28"},"modified":"2026-03-15T17:40:54","modified_gmt":"2026-03-15T16:40:54","slug":"sport-shop-winter","status":"publish","type":"page","link":"https:\/\/www.skischule-fieberbrunn.at\/nl\/sport-shop-winter\/","title":{"rendered":"Sport Shop - Winter"},"content":{"rendered":"<h2 class=\"wp-block-heading\">Alles wat u nodig heeft in \u00e9\u00e9n winkel<\/h2>\n\n\n\n<p>In onze nieuwe sportwinkel direct bij het dalstation van de Bergbahnen Fieberbrunn vindt u alles om uw wintersportvakantie n\u00f3g beter en veiliger te maken. Naast ons grote aanbod zijn onze medewerkers ook thuis in de sport en weten ze waar ze het over hebben.<\/p>\n\n\n\n<div style=\"height:60px\" aria-hidden=\"true\" class=\"wp-block-spacer\"><\/div>\n\n\n\n<div class=\"wp-block-media-text alignwide is-stacked-on-mobile is-image-fill\"><figure class=\"wp-block-media-text__media\" style=\"background-image:url(https:\/\/www.skischule-fieberbrunn.at\/wp-content\/uploads\/P1790130_webkopie-1024x576.jpg);background-position:50% 50%\"><img loading=\"lazy\" decoding=\"async\" width=\"1024\" height=\"576\" src=\"https:\/\/www.skischule-fieberbrunn.at\/wp-content\/uploads\/P1790130_webkopie-1024x576.jpg\" alt=\"\" class=\"wp-image-207 size-full\" title=\"\" srcset=\"https:\/\/www.skischule-fieberbrunn.at\/wp-content\/uploads\/P1790130_webkopie-1024x576.jpg 1024w, https:\/\/www.skischule-fieberbrunn.at\/wp-content\/uploads\/P1790130_webkopie-300x169.jpg 300w, https:\/\/www.skischule-fieberbrunn.at\/wp-content\/uploads\/P1790130_webkopie-768x432.jpg 768w, https:\/\/www.skischule-fieberbrunn.at\/wp-content\/uploads\/P1790130_webkopie-1536x864.jpg 1536w, https:\/\/www.skischule-fieberbrunn.at\/wp-content\/uploads\/P1790130_webkopie.jpg 1920w\" sizes=\"auto, (max-width: 1024px) 100vw, 1024px\" \/><\/figure><div class=\"wp-block-media-text__content\">\n<h3 class=\"wp-block-heading\">Met de juiste ski gaat u nog beter van de piste<\/h3>\n\n\n\n<p>De beste skimodellen staan klaar voor u. Van klassieke modellen voor op de piste tot ski\u2019s voor in de poedersneeuw buiten de piste. Dankzij de nieuwste technologie\u00ebn is er voor elke ski\u00ebr  een geschikte ski, van de allrounder tot de slalomcarver tot de premiumski voor ski\u00ebrs met speciale eisen.<br>We zorgen ervoor dat elke ski\u00ebr met de perfecte ski gematcht wordt.<\/p>\n<\/div><\/div>\n\n\n\n<div style=\"height:60px\" aria-hidden=\"true\" class=\"wp-block-spacer\"><\/div>\n\n\n\n<div class=\"wp-block-media-text alignwide has-media-on-the-right is-stacked-on-mobile is-image-fill\"><div class=\"wp-block-media-text__content\">\n<h3 class=\"wp-block-heading\">Grootse toerskitochten beginnen hier<\/h3>\n\n\n\n<p>Het mag gezegd worden: wij zijn d\u00e9 specialist op het gebied van skitoeren materiaal in Fieberbrunn. Vooral omdat we zelf graag off-piste gaan en omdat ski\u00ebn door ongerepte berglandschappen onze grootste passie is. Laat ons u adviseren en u bent klaar om te gaan.<\/p>\n\n\n\n<p>Die Auswahl ist so breit wie die Abfahrten verschieden sind. Vom Standart- Skitourenski bis zum Top Freeride Tourenski f\u00fcr breite Turns: Alles Freudenspender eines hautnahen Wintervergn\u00fcgens. Perfekt verarbeitet, unter allen Schneebedingungen getestet, eins mit Ski - Bindung und Schuhen und ready f\u00fcr das uneingeschr\u00e4nkte Tourenerlebnis. Nat\u00fcrlich bieten wir auch die passende Skitourenbekleidung an.<\/p>\n<\/div><figure class=\"wp-block-media-text__media\" style=\"background-image:url(https:\/\/www.skischule-fieberbrunn.at\/wp-content\/uploads\/skitouren-sport-widmann-gruppe-1024x576.jpg);background-position:50% 50%\"><img loading=\"lazy\" decoding=\"async\" width=\"1024\" height=\"576\" src=\"https:\/\/www.skischule-fieberbrunn.at\/wp-content\/uploads\/skitouren-sport-widmann-gruppe-1024x576.jpg\" alt=\"\" class=\"wp-image-433 size-full\" title=\"\" srcset=\"https:\/\/www.skischule-fieberbrunn.at\/wp-content\/uploads\/skitouren-sport-widmann-gruppe-1024x576.jpg 1024w, https:\/\/www.skischule-fieberbrunn.at\/wp-content\/uploads\/skitouren-sport-widmann-gruppe-300x169.jpg 300w, https:\/\/www.skischule-fieberbrunn.at\/wp-content\/uploads\/skitouren-sport-widmann-gruppe-768x432.jpg 768w, https:\/\/www.skischule-fieberbrunn.at\/wp-content\/uploads\/skitouren-sport-widmann-gruppe-1536x864.jpg 1536w, https:\/\/www.skischule-fieberbrunn.at\/wp-content\/uploads\/skitouren-sport-widmann-gruppe.jpg 1920w\" sizes=\"auto, (max-width: 1024px) 100vw, 1024px\" \/><\/figure><\/div>\n\n\n\n<div style=\"height:60px\" aria-hidden=\"true\" class=\"wp-block-spacer\"><\/div>\n\n\n\n<div class=\"wp-block-media-text alignwide is-stacked-on-mobile is-image-fill\"><figure class=\"wp-block-media-text__media\" style=\"background-image:url(https:\/\/www.skischule-fieberbrunn.at\/wp-content\/uploads\/freeride-widmann-sport-galerie-4-1024x551.jpg);background-position:50% 50%\"><img loading=\"lazy\" decoding=\"async\" width=\"1024\" height=\"551\" src=\"https:\/\/www.skischule-fieberbrunn.at\/wp-content\/uploads\/freeride-widmann-sport-galerie-4-1024x551.jpg\" alt=\"\" class=\"wp-image-497 size-full\" title=\"\" srcset=\"https:\/\/www.skischule-fieberbrunn.at\/wp-content\/uploads\/freeride-widmann-sport-galerie-4-1024x551.jpg 1024w, https:\/\/www.skischule-fieberbrunn.at\/wp-content\/uploads\/freeride-widmann-sport-galerie-4-300x161.jpg 300w, https:\/\/www.skischule-fieberbrunn.at\/wp-content\/uploads\/freeride-widmann-sport-galerie-4-768x413.jpg 768w, https:\/\/www.skischule-fieberbrunn.at\/wp-content\/uploads\/freeride-widmann-sport-galerie-4-1536x826.jpg 1536w, https:\/\/www.skischule-fieberbrunn.at\/wp-content\/uploads\/freeride-widmann-sport-galerie-4.jpg 1920w\" sizes=\"auto, (max-width: 1024px) 100vw, 1024px\" \/><\/figure><div class=\"wp-block-media-text__content\">\n<h3 class=\"wp-block-heading\">Duik in het freeride paradijs<\/h3>\n\n\n\n<p>Abseits der Piste beginnt das besondere Abenteuer: Freeriding! Die breiten Freeride Skier sorgen f\u00fcr den n\u00f6tigen Auftrieb im Tiefschnee. F\u00fcr richtig Spa\u00df sorgen auch unsere Park &amp; Pipe Skier, die im Home of L\u00e4ssig viele Runs zum Austoben finden. Auch die passende Sicherheitsaur\u00fcstung darf nicht fehlen: Helm, R\u00fcckenschutz und Lawinenrucksack\u2026 und schon steht den Freeride- und Freeskifreuden nichts mehr im Wege.<\/p>\n<\/div><\/div>\n\n\n\n<div style=\"height:60px\" aria-hidden=\"true\" class=\"wp-block-spacer\"><\/div>\n\n\n\n<div class=\"wp-block-media-text alignwide has-media-on-the-right is-stacked-on-mobile is-image-fill\"><div class=\"wp-block-media-text__content\">\n<h3 class=\"wp-block-heading\">Nicht ohne Sicherheits-Equipment<\/h3>\n\n\n\n<p>Bei uns finden Sie eine gro\u00dfe Auswahl an Freeride- und Skitouren- Rucks\u00e4cken mit oder ohne Airbag Sicherheitssystem.<\/p>\n\n\n\n<p>Ein perfektes Sicherheitsequipment besteht aus LVS-Ger\u00e4t (Lawinenversch\u00fcttetensuchger\u00e4t), Schaufel, Sonde und Erste Hilfe Paket.<br><br>Laat u altijd door staatsgercertificeerde skileraren en berggidsen adviseren over het gebruik van deze materialen.<\/p>\n<\/div><figure class=\"wp-block-media-text__media\" style=\"background-image:url(https:\/\/www.skischule-fieberbrunn.at\/wp-content\/uploads\/sport-widmann-skifahren-powdern-1.jpg);background-position:50% 50%\"><img loading=\"lazy\" decoding=\"async\" width=\"750\" height=\"1000\" src=\"https:\/\/www.skischule-fieberbrunn.at\/wp-content\/uploads\/sport-widmann-skifahren-powdern-1.jpg\" alt=\"\" class=\"wp-image-47 size-full\" title=\"\" srcset=\"https:\/\/www.skischule-fieberbrunn.at\/wp-content\/uploads\/sport-widmann-skifahren-powdern-1.jpg 750w, https:\/\/www.skischule-fieberbrunn.at\/wp-content\/uploads\/sport-widmann-skifahren-powdern-1-225x300.jpg 225w\" sizes=\"auto, (max-width: 750px) 100vw, 750px\" \/><\/figure><\/div>\n\n\n\n<div style=\"height:60px\" aria-hidden=\"true\" class=\"wp-block-spacer\"><\/div>\n\n\n\n<div class=\"wp-block-media-text alignwide is-stacked-on-mobile is-image-fill\"><figure class=\"wp-block-media-text__media\" style=\"background-image:url(https:\/\/www.skischule-fieberbrunn.at\/wp-content\/uploads\/Store_winter_Sport_Widmann_24-1024x767.jpg);background-position:50% 50%\"><img loading=\"lazy\" decoding=\"async\" width=\"1024\" height=\"767\" src=\"https:\/\/www.skischule-fieberbrunn.at\/wp-content\/uploads\/Store_winter_Sport_Widmann_24-1024x767.jpg\" alt=\"\" class=\"wp-image-237 size-full\" title=\"\" srcset=\"https:\/\/www.skischule-fieberbrunn.at\/wp-content\/uploads\/Store_winter_Sport_Widmann_24-1024x767.jpg 1024w, https:\/\/www.skischule-fieberbrunn.at\/wp-content\/uploads\/Store_winter_Sport_Widmann_24-300x225.jpg 300w, https:\/\/www.skischule-fieberbrunn.at\/wp-content\/uploads\/Store_winter_Sport_Widmann_24-768x576.jpg 768w, https:\/\/www.skischule-fieberbrunn.at\/wp-content\/uploads\/Store_winter_Sport_Widmann_24-1536x1151.jpg 1536w, https:\/\/www.skischule-fieberbrunn.at\/wp-content\/uploads\/Store_winter_Sport_Widmann_24.jpg 1920w\" sizes=\"auto, (max-width: 1024px) 100vw, 1024px\" \/><\/figure><div class=\"wp-block-media-text__content\">\n<h3 class=\"wp-block-heading\">De juiste skischoen is van essentieel belang<\/h3>\n\n\n\n<p>Der richtige Schuh ist ein Segen! Denn dieser \u00fcbertr\u00e4gt die Kraft auf den Ski. Damit dies bestm\u00f6glich gelingt und die F\u00fcsse am Ende des Tages nicht schmerzen, sollte auf einen optimalen Sitz des Schuhs geachtet werden. Harte Skischuhe eignen sich f\u00fcr sportliche ambitionierte Skifahrer, weichere Skischuhe laden zum gem\u00fctlichen Carven ein.<\/p>\n\n\n\n<p><strong>Pas uw skischoenen aan met de bootfitting machine:<\/strong><\/p>\n\n\n\n<ul class=\"wp-block-list\">\n<li>Drukt de skischoen erg op uw enkel?<\/li>\n\n\n\n<li>Worden uw tenen gekneld?<\/li>\n\n\n\n<li>Krijgt u koude voeten tijdens het ski\u00ebn?<\/li>\n\n\n\n<li>Geeft ski\u00ebn u geen plezier meer doordat uw schoenen niet lekker zitten?<\/li>\n<\/ul>\n\n\n\n<p>Heeft u last van \u00e9\u00e9n of meer van bovenstaande situaties? Kom dan langs bij ons in de winkel. We zijn er zeker van dat we u kunnen helpen dankzij onze nieuwe bootfitting machine die ervoor zorgt dat de skischoen precies naar uw voeten gaat staan. Wij adviseren u graag bij de aanschaf van skischoenen of in geval van problemen.<\/p>\n<\/div><\/div>\n\n\n\n<div style=\"height:60px\" aria-hidden=\"true\" class=\"wp-block-spacer\"><\/div>\n\n\n\n<div class=\"wp-block-media-text alignwide has-media-on-the-right is-stacked-on-mobile is-image-fill\"><div class=\"wp-block-media-text__content\">\n<h3 class=\"wp-block-heading\">Zie er op uw best uit in \u2018The home of l\u00e4ssig\u2019<\/h3>\n\n\n\n<p>Unser Sportshop hat funktionelle wie stylische Wintermode f\u00fcr Damen und f\u00fcr Herren. Insbesondere f\u00fcr den aktiven und kompromisslosen Einsatz auf und abseits der Piste. <\/p>\n\n\n\n<ul class=\"wp-block-list\">\n<li>Skibekleidung<\/li>\n\n\n\n<li>Skitourenbekleidung<\/li>\n\n\n\n<li>Freeridebekleidung<\/li>\n\n\n\n<li>Skiunterw\u00e4sche<\/li>\n\n\n\n<li>uvm...<\/li>\n<\/ul>\n<\/div><figure class=\"wp-block-media-text__media\" style=\"background-image:url(https:\/\/www.skischule-fieberbrunn.at\/wp-content\/uploads\/Widmann-Sport-skischule-action-winter-21-1024x576.jpg);background-position:69% 39%\"><img loading=\"lazy\" decoding=\"async\" width=\"1024\" height=\"576\" src=\"https:\/\/www.skischule-fieberbrunn.at\/wp-content\/uploads\/Widmann-Sport-skischule-action-winter-21-1024x576.jpg\" alt=\"\" class=\"wp-image-1532 size-full\" title=\"\" srcset=\"https:\/\/www.skischule-fieberbrunn.at\/wp-content\/uploads\/Widmann-Sport-skischule-action-winter-21-1024x576.jpg 1024w, https:\/\/www.skischule-fieberbrunn.at\/wp-content\/uploads\/Widmann-Sport-skischule-action-winter-21-300x169.jpg 300w, https:\/\/www.skischule-fieberbrunn.at\/wp-content\/uploads\/Widmann-Sport-skischule-action-winter-21-768x432.jpg 768w, https:\/\/www.skischule-fieberbrunn.at\/wp-content\/uploads\/Widmann-Sport-skischule-action-winter-21-1536x864.jpg 1536w, https:\/\/www.skischule-fieberbrunn.at\/wp-content\/uploads\/Widmann-Sport-skischule-action-winter-21-18x10.jpg 18w, https:\/\/www.skischule-fieberbrunn.at\/wp-content\/uploads\/Widmann-Sport-skischule-action-winter-21.jpg 1920w\" sizes=\"auto, (max-width: 1024px) 100vw, 1024px\" \/><\/figure><\/div>\n\n\n\n<div style=\"height:60px\" aria-hidden=\"true\" class=\"wp-block-spacer\"><\/div>\n\n\n\n<div class=\"wp-block-media-text alignwide is-stacked-on-mobile is-image-fill\"><figure class=\"wp-block-media-text__media\" style=\"background-image:url(https:\/\/www.skischule-fieberbrunn.at\/wp-content\/uploads\/Store_winter_Sport_Widmann_31-1024x767.jpg);background-position:50% 50%\"><img loading=\"lazy\" decoding=\"async\" width=\"1024\" height=\"767\" src=\"https:\/\/www.skischule-fieberbrunn.at\/wp-content\/uploads\/Store_winter_Sport_Widmann_31-1024x767.jpg\" alt=\"\" class=\"wp-image-244 size-full\" title=\"\" srcset=\"https:\/\/www.skischule-fieberbrunn.at\/wp-content\/uploads\/Store_winter_Sport_Widmann_31-1024x767.jpg 1024w, https:\/\/www.skischule-fieberbrunn.at\/wp-content\/uploads\/Store_winter_Sport_Widmann_31-300x225.jpg 300w, https:\/\/www.skischule-fieberbrunn.at\/wp-content\/uploads\/Store_winter_Sport_Widmann_31-768x576.jpg 768w, https:\/\/www.skischule-fieberbrunn.at\/wp-content\/uploads\/Store_winter_Sport_Widmann_31-1536x1151.jpg 1536w, https:\/\/www.skischule-fieberbrunn.at\/wp-content\/uploads\/Store_winter_Sport_Widmann_31.jpg 1920w\" sizes=\"auto, (max-width: 1024px) 100vw, 1024px\" \/><\/figure><div class=\"wp-block-media-text__content\">\n<h3 class=\"wp-block-heading\">Helmen, brillen, handschoenen\u2026<\/h3>\n\n\n\n<p>In onze winkel vindt u een groot assortiment aan accesoires om uw uitrusting mee af te maken of veiliger te maken.<\/p>\n\n\n\n<ul class=\"wp-block-list\">\n<li>Helmen<\/li>\n\n\n\n<li>Skibrillen<\/li>\n\n\n\n<li>Zonnebrillen<\/li>\n\n\n\n<li>Handschoenen<\/li>\n\n\n\n<li>Mutsen<\/li>\n\n\n\n<li>En nog veel meer.<\/li>\n<\/ul>\n<\/div><\/div>","protected":false},"excerpt":{"rendered":"<p>Sportgesch\u00e4ft - Hochwertige Ski- und Snowboardprodukte<\/p>","protected":false},"author":1,"featured_media":1640,"parent":0,"menu_order":8,"comment_status":"closed","ping_status":"closed","template":"","meta":{"_acf_changed":false,"footnotes":""},"categories":[12],"tags":[],"class_list":["post-28","page","type-page","status-publish","has-post-thumbnail","hentry","category-sport-shop"],"acf":[],"_links":{"self":[{"href":"https:\/\/www.skischule-fieberbrunn.at\/nl\/wp-json\/wp\/v2\/pages\/28","targetHints":{"allow":["GET"]}}],"collection":[{"href":"https:\/\/www.skischule-fieberbrunn.at\/nl\/wp-json\/wp\/v2\/pages"}],"about":[{"href":"https:\/\/www.skischule-fieberbrunn.at\/nl\/wp-json\/wp\/v2\/types\/page"}],"author":[{"embeddable":true,"href":"https:\/\/www.skischule-fieberbrunn.at\/nl\/wp-json\/wp\/v2\/users\/1"}],"replies":[{"embeddable":true,"href":"https:\/\/www.skischule-fieberbrunn.at\/nl\/wp-json\/wp\/v2\/comments?post=28"}],"version-history":[{"count":81,"href":"https:\/\/www.skischule-fieberbrunn.at\/nl\/wp-json\/wp\/v2\/pages\/28\/revisions"}],"predecessor-version":[{"id":1690,"href":"https:\/\/www.skischule-fieberbrunn.at\/nl\/wp-json\/wp\/v2\/pages\/28\/revisions\/1690"}],"wp:featuredmedia":[{"embeddable":true,"href":"https:\/\/www.skischule-fieberbrunn.at\/nl\/wp-json\/wp\/v2\/media\/1640"}],"wp:attachment":[{"href":"https:\/\/www.skischule-fieberbrunn.at\/nl\/wp-json\/wp\/v2\/media?parent=28"}],"wp:term":[{"taxonomy":"category","embeddable":true,"href":"https:\/\/www.skischule-fieberbrunn.at\/nl\/wp-json\/wp\/v2\/categories?post=28"},{"taxonomy":"post_tag","embeddable":true,"href":"https:\/\/www.skischule-fieberbrunn.at\/nl\/wp-json\/wp\/v2\/tags?post=28"}],"curies":[{"name":"wp","href":"https:\/\/api.w.org\/{rel}","templated":true}]}}