{"id":300,"date":"2020-11-25T15:13:26","date_gmt":"2020-11-25T14:13:26","guid":{"rendered":"http:\/\/widmann.klubarbeit.net\/?page_id=300"},"modified":"2026-03-15T17:31:13","modified_gmt":"2026-03-15T16:31:13","slug":"skidepot","status":"publish","type":"page","link":"https:\/\/www.skischule-fieberbrunn.at\/en\/skidepot\/","title":{"rendered":"Widmann Skidepot"},"content":{"rendered":"<h2 class=\"wp-block-heading\">Experience the convenience of our ski depot<\/h2>\n\n\n\n<p>Unser Skidepot liegt gleich an der Talstation der Bergbahnen Fieberbrunn, bietet eine bequeme Skiaufbewahrung und erl\u00f6st Sie und ihre Lieben von der Last des Ski-Schleppens. In sch\u00f6nem, warmen Ambiente wartet Ihre Skiausr\u00fcstung sicher und trocken auf den n\u00e4chsten Run. \u00dcbrigens: Das Skidepot ist f\u00fcr Verleihkunden von Sport Widmann gratis.<\/p>\n\n\n\n<ul class=\"wp-block-list\">\n<li>Right next to the mountain lifts<\/li>\n\n\n\n<li>Kein m\u00fchsamer Transport des Skimaterials<\/li>\n\n\n\n<li>Trockene, warme Schuhe am morgen \u2026<\/li>\n<\/ul>\n\n\n\n<div style=\"height:100px\" aria-hidden=\"true\" class=\"wp-block-spacer\"><\/div>","protected":false},"excerpt":{"rendered":"<p>Unser Skidepot: Die Erl\u00f6sung Unser Skidepot liegt gleich an der Talstation der Bergbahnen Fieberbrunn, bietet eine bequeme Skiaufbewahrung und erl\u00f6st Sie und ihre Lieben von der Last des Ski-Schleppens. In sch\u00f6nem, warmen Ambiente wartet Ihre Skiausr\u00fcstung sicher und trocken auf den n\u00e4chsten Run. \u00dcbrigens: Das Skidepot ist f\u00fcr Verleihkunden von Sport Widmann gratis.<\/p>","protected":false},"author":1,"featured_media":249,"parent":0,"menu_order":17,"comment_status":"closed","ping_status":"closed","template":"","meta":{"_acf_changed":false,"footnotes":""},"categories":[12],"tags":[],"class_list":["post-300","page","type-page","status-publish","has-post-thumbnail","hentry","category-sport-shop"],"acf":[],"_links":{"self":[{"href":"https:\/\/www.skischule-fieberbrunn.at\/en\/wp-json\/wp\/v2\/pages\/300","targetHints":{"allow":["GET"]}}],"collection":[{"href":"https:\/\/www.skischule-fieberbrunn.at\/en\/wp-json\/wp\/v2\/pages"}],"about":[{"href":"https:\/\/www.skischule-fieberbrunn.at\/en\/wp-json\/wp\/v2\/types\/page"}],"author":[{"embeddable":true,"href":"https:\/\/www.skischule-fieberbrunn.at\/en\/wp-json\/wp\/v2\/users\/1"}],"replies":[{"embeddable":true,"href":"https:\/\/www.skischule-fieberbrunn.at\/en\/wp-json\/wp\/v2\/comments?post=300"}],"version-history":[{"count":14,"href":"https:\/\/www.skischule-fieberbrunn.at\/en\/wp-json\/wp\/v2\/pages\/300\/revisions"}],"predecessor-version":[{"id":1680,"href":"https:\/\/www.skischule-fieberbrunn.at\/en\/wp-json\/wp\/v2\/pages\/300\/revisions\/1680"}],"wp:featuredmedia":[{"embeddable":true,"href":"https:\/\/www.skischule-fieberbrunn.at\/en\/wp-json\/wp\/v2\/media\/249"}],"wp:attachment":[{"href":"https:\/\/www.skischule-fieberbrunn.at\/en\/wp-json\/wp\/v2\/media?parent=300"}],"wp:term":[{"taxonomy":"category","embeddable":true,"href":"https:\/\/www.skischule-fieberbrunn.at\/en\/wp-json\/wp\/v2\/categories?post=300"},{"taxonomy":"post_tag","embeddable":true,"href":"https:\/\/www.skischule-fieberbrunn.at\/en\/wp-json\/wp\/v2\/tags?post=300"}],"curies":[{"name":"wp","href":"https:\/\/api.w.org\/{rel}","templated":true}]}}