{"id":266,"date":"2020-11-25T14:22:15","date_gmt":"2020-11-25T13:22:15","guid":{"rendered":"http:\/\/widmann.klubarbeit.net\/?page_id=266"},"modified":"2026-03-15T17:45:35","modified_gmt":"2026-03-15T16:45:35","slug":"skiverleih-snowboardverleih","status":"publish","type":"page","link":"https:\/\/www.skischule-fieberbrunn.at\/en\/skiverleih-snowboardverleih\/","title":{"rendered":"Skiverleih &amp; Snowboardverleih 24\/25"},"content":{"rendered":"<h2 class=\"wp-block-heading\">Even more fun on the slopes with the right equipment<\/h2>\n\n\n\n<p>When you rent skis or a snowboard, you naturally want to have new equipment under your feet. At our store, this goes without saying.<br>Unsere erfahrenen Mitarbeiter, teils staatl. gepr\u00fcfte Berg- und Skif\u00fchrer bzw. Skilehrer nehmen sich dabei genug Zeit f\u00fcr die Beratung und wissen, was Sache ist. Denn mit hochwertigem und bestens pr\u00e4pariertem Material macht der Tag am Berg gleich doppelt soviel Spa\u00df.<\/p>\n\n\n\n<div style=\"height:40px\" aria-hidden=\"true\" class=\"wp-block-spacer\"><\/div>\n\n\n\n<h3 class=\"wp-block-heading\">Your benefits:<\/h3>\n\n\n\n<ul class=\"wp-block-list\">\n<li>Ski rental at the valley station of the Fieberbrunn mountain lifts<\/li>\n\n\n\n<li>Free use of the ski depot for the rented equipment<\/li>\n\n\n\n<li>Staff partly state-certified mountain and ski guides or ski instructors<\/li>\n\n\n\n<li>No need to bring heavy items from home<\/li>\n\n\n\n<li>The latest, best-prepared materials are available to you<\/li>\n\n\n\n<li>Bindings are set by a professional for your safety<\/li>\n<\/ul>\n\n\n\n<div style=\"height:50px\" aria-hidden=\"true\" class=\"wp-block-spacer\"><\/div>\n\n\n\n<div class=\"wp-block-media-text is-stacked-on-mobile is-vertically-aligned-center is-image-fill\"><figure class=\"wp-block-media-text__media\" style=\"background-image:url(https:\/\/www.skischule-fieberbrunn.at\/wp-content\/uploads\/Store_winter_Sport_Widmann_23-1024x767.jpg);background-position:0% 34%\"><img loading=\"lazy\" decoding=\"async\" width=\"1024\" height=\"767\" src=\"https:\/\/www.skischule-fieberbrunn.at\/wp-content\/uploads\/Store_winter_Sport_Widmann_23-1024x767.jpg\" alt=\"\" class=\"wp-image-236 size-full\" title=\"\" srcset=\"https:\/\/www.skischule-fieberbrunn.at\/wp-content\/uploads\/Store_winter_Sport_Widmann_23-1024x767.jpg 1024w, https:\/\/www.skischule-fieberbrunn.at\/wp-content\/uploads\/Store_winter_Sport_Widmann_23-300x225.jpg 300w, https:\/\/www.skischule-fieberbrunn.at\/wp-content\/uploads\/Store_winter_Sport_Widmann_23-768x576.jpg 768w, https:\/\/www.skischule-fieberbrunn.at\/wp-content\/uploads\/Store_winter_Sport_Widmann_23-1536x1151.jpg 1536w, https:\/\/www.skischule-fieberbrunn.at\/wp-content\/uploads\/Store_winter_Sport_Widmann_23.jpg 1920w\" sizes=\"auto, (max-width: 1024px) 100vw, 1024px\" \/><\/figure><div class=\"wp-block-media-text__content\">\n<h3 class=\"wp-block-heading\">Standard ski*<\/h3>\n\n\n\n<p>Forgiving all-round ski for beginners and advanced skiers.<br>It is possible to rent skis and shoes throughout the season.<\/p>\n<\/div><\/div>\n\n\n\n<div class=\"wp-block-media-text alignwide has-media-on-the-right is-stacked-on-mobile is-image-fill\"><div class=\"wp-block-media-text__content\">\n<h3 class=\"wp-block-heading\">Top ski**<\/h3>\n\n\n\n<p>Experience great skiing pleasure from our friendly, forgiving top-of-the-line models.<\/p>\n<\/div><figure class=\"wp-block-media-text__media\" style=\"background-image:url(https:\/\/www.skischule-fieberbrunn.at\/wp-content\/uploads\/Store_winter_Sport_Widmann_18-1024x768.jpg);background-position:9% 55%\"><img loading=\"lazy\" decoding=\"async\" width=\"1024\" height=\"768\" src=\"https:\/\/www.skischule-fieberbrunn.at\/wp-content\/uploads\/Store_winter_Sport_Widmann_18-1024x768.jpg\" alt=\"\" class=\"wp-image-231 size-full\" title=\"\" srcset=\"https:\/\/www.skischule-fieberbrunn.at\/wp-content\/uploads\/Store_winter_Sport_Widmann_18-1024x768.jpg 1024w, https:\/\/www.skischule-fieberbrunn.at\/wp-content\/uploads\/Store_winter_Sport_Widmann_18-300x225.jpg 300w, https:\/\/www.skischule-fieberbrunn.at\/wp-content\/uploads\/Store_winter_Sport_Widmann_18-768x576.jpg 768w, https:\/\/www.skischule-fieberbrunn.at\/wp-content\/uploads\/Store_winter_Sport_Widmann_18-1536x1152.jpg 1536w, https:\/\/www.skischule-fieberbrunn.at\/wp-content\/uploads\/Store_winter_Sport_Widmann_18.jpg 1920w\" sizes=\"auto, (max-width: 1024px) 100vw, 1024px\" \/><\/figure><\/div>\n\n\n\n<div class=\"wp-block-media-text is-stacked-on-mobile is-image-fill\"><figure class=\"wp-block-media-text__media\" style=\"background-image:url(https:\/\/www.skischule-fieberbrunn.at\/wp-content\/uploads\/Store_winter_Sport_Widmann_08-1024x768.jpg);background-position:50% 50%\"><img loading=\"lazy\" decoding=\"async\" width=\"1024\" height=\"768\" src=\"https:\/\/www.skischule-fieberbrunn.at\/wp-content\/uploads\/Store_winter_Sport_Widmann_08-1024x768.jpg\" alt=\"\" class=\"wp-image-221 size-full\" title=\"\" srcset=\"https:\/\/www.skischule-fieberbrunn.at\/wp-content\/uploads\/Store_winter_Sport_Widmann_08-1024x768.jpg 1024w, https:\/\/www.skischule-fieberbrunn.at\/wp-content\/uploads\/Store_winter_Sport_Widmann_08-300x225.jpg 300w, https:\/\/www.skischule-fieberbrunn.at\/wp-content\/uploads\/Store_winter_Sport_Widmann_08-768x576.jpg 768w, https:\/\/www.skischule-fieberbrunn.at\/wp-content\/uploads\/Store_winter_Sport_Widmann_08-1536x1152.jpg 1536w, https:\/\/www.skischule-fieberbrunn.at\/wp-content\/uploads\/Store_winter_Sport_Widmann_08.jpg 1920w\" sizes=\"auto, (max-width: 1024px) 100vw, 1024px\" \/><\/figure><div class=\"wp-block-media-text__content\">\n<h3 class=\"wp-block-heading\">Ski*** Superior<\/h3>\n\n\n\n<p>Maximum skiing pleasure from our high-quality all-round and freeride models for the sporty skier<\/p>\n<\/div><\/div>\n\n\n\n<div class=\"wp-block-media-text alignwide has-media-on-the-right is-stacked-on-mobile is-image-fill\"><div class=\"wp-block-media-text__content\">\n<h3 class=\"wp-block-heading\">Ski**** Superior +<\/h3>\n\n\n\n<p>The latest race, allmountain and freeride models for the sporty skier<\/p>\n<\/div><figure class=\"wp-block-media-text__media\" style=\"background-image:url(https:\/\/www.skischule-fieberbrunn.at\/wp-content\/uploads\/Store_winter_Sport_Widmann_17-1024x768.jpg);background-position:50% 50%\"><img loading=\"lazy\" decoding=\"async\" width=\"1024\" height=\"768\" src=\"https:\/\/www.skischule-fieberbrunn.at\/wp-content\/uploads\/Store_winter_Sport_Widmann_17-1024x768.jpg\" alt=\"\" class=\"wp-image-230 size-full\" title=\"\" srcset=\"https:\/\/www.skischule-fieberbrunn.at\/wp-content\/uploads\/Store_winter_Sport_Widmann_17-1024x768.jpg 1024w, https:\/\/www.skischule-fieberbrunn.at\/wp-content\/uploads\/Store_winter_Sport_Widmann_17-300x225.jpg 300w, https:\/\/www.skischule-fieberbrunn.at\/wp-content\/uploads\/Store_winter_Sport_Widmann_17-768x576.jpg 768w, https:\/\/www.skischule-fieberbrunn.at\/wp-content\/uploads\/Store_winter_Sport_Widmann_17-1536x1152.jpg 1536w, https:\/\/www.skischule-fieberbrunn.at\/wp-content\/uploads\/Store_winter_Sport_Widmann_17.jpg 1920w\" sizes=\"auto, (max-width: 1024px) 100vw, 1024px\" \/><\/figure><\/div>\n\n\n\n<div class=\"wp-block-media-text is-stacked-on-mobile is-image-fill\"><figure class=\"wp-block-media-text__media\" style=\"background-image:url(https:\/\/www.skischule-fieberbrunn.at\/wp-content\/uploads\/Store_winter_Sport_Widmann_24-1024x767.jpg);background-position:50% 50%\"><img loading=\"lazy\" decoding=\"async\" width=\"1024\" height=\"767\" src=\"https:\/\/www.skischule-fieberbrunn.at\/wp-content\/uploads\/Store_winter_Sport_Widmann_24-1024x767.jpg\" alt=\"\" class=\"wp-image-237 size-full\" title=\"\" srcset=\"https:\/\/www.skischule-fieberbrunn.at\/wp-content\/uploads\/Store_winter_Sport_Widmann_24-1024x767.jpg 1024w, https:\/\/www.skischule-fieberbrunn.at\/wp-content\/uploads\/Store_winter_Sport_Widmann_24-300x225.jpg 300w, https:\/\/www.skischule-fieberbrunn.at\/wp-content\/uploads\/Store_winter_Sport_Widmann_24-768x576.jpg 768w, https:\/\/www.skischule-fieberbrunn.at\/wp-content\/uploads\/Store_winter_Sport_Widmann_24-1536x1151.jpg 1536w, https:\/\/www.skischule-fieberbrunn.at\/wp-content\/uploads\/Store_winter_Sport_Widmann_24.jpg 1920w\" sizes=\"auto, (max-width: 1024px) 100vw, 1024px\" \/><\/figure><div class=\"wp-block-media-text__content\">\n<h3 class=\"wp-block-heading\">Ski boots and ski touring boots<\/h3>\n\n\n\n<p>Wide range of children's and adult ski boots.<br>We find the perfect shoe for everyone.<\/p>\n<\/div><\/div>\n\n\n\n<div class=\"wp-block-media-text alignwide has-media-on-the-right is-stacked-on-mobile is-image-fill\"><div class=\"wp-block-media-text__content\">\n<h3 class=\"wp-block-heading\">Touring ski and safety equipment<\/h3>\n\n\n\n<p>Safety equipment, ABS backpacks, avalanche pagers, freerider backpack including shovel and probe<\/p>\n<\/div><figure class=\"wp-block-media-text__media\" style=\"background-image:url(https:\/\/www.skischule-fieberbrunn.at\/wp-content\/uploads\/Store_winter_Sport_Widmann_08-1024x768.jpg);background-position:8% 48%\"><img loading=\"lazy\" decoding=\"async\" width=\"1024\" height=\"768\" src=\"https:\/\/www.skischule-fieberbrunn.at\/wp-content\/uploads\/Store_winter_Sport_Widmann_08-1024x768.jpg\" alt=\"\" class=\"wp-image-221 size-full\" title=\"\" srcset=\"https:\/\/www.skischule-fieberbrunn.at\/wp-content\/uploads\/Store_winter_Sport_Widmann_08-1024x768.jpg 1024w, https:\/\/www.skischule-fieberbrunn.at\/wp-content\/uploads\/Store_winter_Sport_Widmann_08-300x225.jpg 300w, https:\/\/www.skischule-fieberbrunn.at\/wp-content\/uploads\/Store_winter_Sport_Widmann_08-768x576.jpg 768w, https:\/\/www.skischule-fieberbrunn.at\/wp-content\/uploads\/Store_winter_Sport_Widmann_08-1536x1152.jpg 1536w, https:\/\/www.skischule-fieberbrunn.at\/wp-content\/uploads\/Store_winter_Sport_Widmann_08.jpg 1920w\" sizes=\"auto, (max-width: 1024px) 100vw, 1024px\" \/><\/figure><\/div>\n\n\n\n<div class=\"wp-block-media-text is-stacked-on-mobile is-image-fill\"><figure class=\"wp-block-media-text__media\" style=\"background-image:url(https:\/\/www.skischule-fieberbrunn.at\/wp-content\/uploads\/Store_winter_Sport_Widmann_12-1024x768.jpg);background-position:50% 50%\"><img loading=\"lazy\" decoding=\"async\" width=\"1024\" height=\"768\" src=\"https:\/\/www.skischule-fieberbrunn.at\/wp-content\/uploads\/Store_winter_Sport_Widmann_12-1024x768.jpg\" alt=\"\" class=\"wp-image-225 size-full\" title=\"\" srcset=\"https:\/\/www.skischule-fieberbrunn.at\/wp-content\/uploads\/Store_winter_Sport_Widmann_12-1024x768.jpg 1024w, https:\/\/www.skischule-fieberbrunn.at\/wp-content\/uploads\/Store_winter_Sport_Widmann_12-300x225.jpg 300w, https:\/\/www.skischule-fieberbrunn.at\/wp-content\/uploads\/Store_winter_Sport_Widmann_12-768x576.jpg 768w, https:\/\/www.skischule-fieberbrunn.at\/wp-content\/uploads\/Store_winter_Sport_Widmann_12-1536x1152.jpg 1536w, https:\/\/www.skischule-fieberbrunn.at\/wp-content\/uploads\/Store_winter_Sport_Widmann_12.jpg 1920w\" sizes=\"auto, (max-width: 1024px) 100vw, 1024px\" \/><\/figure><div class=\"wp-block-media-text__content\">\n<h3 class=\"wp-block-heading\">Various articles<\/h3>\n\n\n\n<p>Helmets and (back) protection<\/p>\n\n\n\n<p>Snowshoes for a fun change off the slopes<\/p>\n<\/div><\/div>\n\n\n\n<div style=\"height:60px\" aria-hidden=\"true\" class=\"wp-block-spacer\"><\/div>\n\n\n<section id=\"section-1-1049\" class=\"ct-section alignfull\" style=\"background-image:linear-gradient(rgba(0,81,109,0.65), rgba(0,81,109,0.65)), url(https:\/\/www.skischule-fieberbrunn.at\/wp-content\/uploads\/hd-schneeschuhwanderung-am-hochplateau-der-steinplatte-waidring\u00a9lacknerhelmuttvbpillerseetal.jpg);background-size:auto,  cover;\" ><div class=\"ct-section-inner-wrap\"><div id=\"div_block-6-1049\" class=\"ct-div-block\" ><h3 id=\"headline-2-1049\" class=\"ct-headline\">Request prices &amp; dates<\/h3><\/div><div id=\"div_block-5-1049\" class=\"ct-div-block\" ><a id=\"link_text-3-1049\" class=\"ct-link-text c-btn-m c-btn-main c-transition\" href=\"http:\/\/\" target=\"_self\"  >Contact<\/a><\/div><\/div><\/section>","protected":false},"excerpt":{"rendered":"<p>Neueste Ski &#038; Snowboards aus dem Verleih testen<\/p>","protected":false},"author":1,"featured_media":226,"parent":0,"menu_order":10,"comment_status":"closed","ping_status":"closed","template":"","meta":{"_acf_changed":false,"footnotes":""},"categories":[12],"tags":[],"class_list":["post-266","page","type-page","status-publish","has-post-thumbnail","hentry","category-sport-shop"],"acf":[],"_links":{"self":[{"href":"https:\/\/www.skischule-fieberbrunn.at\/en\/wp-json\/wp\/v2\/pages\/266","targetHints":{"allow":["GET"]}}],"collection":[{"href":"https:\/\/www.skischule-fieberbrunn.at\/en\/wp-json\/wp\/v2\/pages"}],"about":[{"href":"https:\/\/www.skischule-fieberbrunn.at\/en\/wp-json\/wp\/v2\/types\/page"}],"author":[{"embeddable":true,"href":"https:\/\/www.skischule-fieberbrunn.at\/en\/wp-json\/wp\/v2\/users\/1"}],"replies":[{"embeddable":true,"href":"https:\/\/www.skischule-fieberbrunn.at\/en\/wp-json\/wp\/v2\/comments?post=266"}],"version-history":[{"count":65,"href":"https:\/\/www.skischule-fieberbrunn.at\/en\/wp-json\/wp\/v2\/pages\/266\/revisions"}],"predecessor-version":[{"id":1697,"href":"https:\/\/www.skischule-fieberbrunn.at\/en\/wp-json\/wp\/v2\/pages\/266\/revisions\/1697"}],"wp:featuredmedia":[{"embeddable":true,"href":"https:\/\/www.skischule-fieberbrunn.at\/en\/wp-json\/wp\/v2\/media\/226"}],"wp:attachment":[{"href":"https:\/\/www.skischule-fieberbrunn.at\/en\/wp-json\/wp\/v2\/media?parent=266"}],"wp:term":[{"taxonomy":"category","embeddable":true,"href":"https:\/\/www.skischule-fieberbrunn.at\/en\/wp-json\/wp\/v2\/categories?post=266"},{"taxonomy":"post_tag","embeddable":true,"href":"https:\/\/www.skischule-fieberbrunn.at\/en\/wp-json\/wp\/v2\/tags?post=266"}],"curies":[{"name":"wp","href":"https:\/\/api.w.org\/{rel}","templated":true}]}}